{"id":986,"date":"2024-11-08T11:51:23","date_gmt":"2024-11-08T10:51:23","guid":{"rendered":"https:\/\/finance-wave.com\/?page_id=986"},"modified":"2026-04-04T03:25:11","modified_gmt":"2026-04-04T02:25:11","slug":"home","status":"publish","type":"page","link":"https:\/\/finance-wave.com\/de\/","title":{"rendered":"Startseite"},"content":{"rendered":"Your Partner in Digital Finance Transformation &#038;  NetSuite SuiteAccountant \n\t\t\t\t\t\t\t<img decoding=\"async\" src=\"https:\/\/finance-wave.com\/wp-content\/uploads\/2025\/01\/Untitled-design.png\" alt=\"Auf der Welle &lt;strong&gt;der digitalen Finanztransformation&lt;\/strong&gt;\" class=\"no-lazyload\" \/>\n\t\t\tAuf der Welle\n\t\t\t\t\t\t\t\t\t\t\t<strong>der digitalen Finanztransformation<\/strong>\n\t\t\t<p>Your SuiteAccountant PartnerDesigning and developing business operations that bridge <strong>die Finance, Technologie und Daten<\/strong>-building scalable, high-performance operations.<strong data-start=\"264\" data-end=\"333\">Fundierte SaaS-Expertise <\/strong>for scalable, high-growth finance operations.Finance Wave Transformation provides Oracle NetSuite advisory, data architecture, and ERP optimisation-acting as a trusted <strong>NetSuite SuiteAccountant<\/strong> <strong>Partner<\/strong> to finance teams and organisations.We design and optimise core processes across <strong>Order-to-Cash (O2C), Procure-to-Pay (P2P) und Record-to-Report (R2R).<\/strong><strong>Von der Implementierung bis zur Post-Go-Live-Optimierung<\/strong>&nbsp;gestalten und entwickeln wir digitale Gesch\u00e4ftsprozesse, die Effizienz, Genauigkeit und fundierte Entscheidungsfindung erm\u00f6glichen.<\/p>\t\t\n\t\t\t\t\t\t\t\t\t<img decoding=\"async\" src=\"https:\/\/finance-wave.com\/wp-content\/uploads\/2024\/12\/GettyImages-863460124.jpg\" alt=\"GettyImages-863460124\" itemprop=\"image\" height=\"1000\" width=\"1500\" srcset=\"https:\/\/finance-wave.com\/wp-content\/uploads\/2024\/12\/GettyImages-863460124.jpg 1500w, https:\/\/finance-wave.com\/wp-content\/uploads\/2024\/12\/GettyImages-863460124-300x200.jpg 300w, https:\/\/finance-wave.com\/wp-content\/uploads\/2024\/12\/GettyImages-863460124-1024x683.jpg 1024w, https:\/\/finance-wave.com\/wp-content\/uploads\/2024\/12\/GettyImages-863460124-768x512.jpg 768w\" sizes=\"(max-width: 1500px) 100vw, 1500px\" title=\"GettyImages-863460124\" onerror=\"this.style.display='none'\" class=\"no-lazyload\" \/>\n\t\t\t\t\t\t\t\t\t<img decoding=\"async\" src=\"https:\/\/finance-wave.com\/wp-content\/uploads\/2024\/12\/GettyImages-1282701229-scaled.jpg\" alt=\"Modern Industrial Factory Meeting: Confident Female Engineer Uses Interactive Whiteboard, Makes Report to a Group of Engineers, Managers Talks and Shows Statistics, Growth and Analysis Information\" itemprop=\"image\" height=\"2160\" width=\"3840\" srcset=\"https:\/\/finance-wave.com\/wp-content\/uploads\/2024\/12\/GettyImages-1282701229-scaled.jpg 3840w, https:\/\/finance-wave.com\/wp-content\/uploads\/2024\/12\/GettyImages-1282701229-300x169.jpg 300w, https:\/\/finance-wave.com\/wp-content\/uploads\/2024\/12\/GettyImages-1282701229-1024x576.jpg 1024w, https:\/\/finance-wave.com\/wp-content\/uploads\/2024\/12\/GettyImages-1282701229-768x432.jpg 768w, https:\/\/finance-wave.com\/wp-content\/uploads\/2024\/12\/GettyImages-1282701229-1536x864.jpg 1536w, https:\/\/finance-wave.com\/wp-content\/uploads\/2024\/12\/GettyImages-1282701229-2048x1152.jpg 2048w\" sizes=\"(max-width: 3840px) 100vw, 3840px\" title=\"Modern Industrial Factory Meeting: Confident Female Engineer Uses Interactive Whiteboard, Makes Report to a Group of Engineers, Managers Talks and Shows Statistics, Growth and Analysis Information\" onerror=\"this.style.display='none'\" class=\"no-lazyload\" \/>\n\t\t\t\t\t\t\t<img decoding=\"async\" src=\"https:\/\/finance-wave.com\/wp-content\/uploads\/2025\/01\/Untitled-design.png\" alt=\"&lt;span class=&quot;spl-col&quot;&gt;Unsere&lt;\/span&gt;  Mission\" class=\"no-lazyload\" \/>\n\t\t<h2>\n\t\t\tOur\n\t\t\t\t\t\t\t\t\t\t\t Mission\n\t\t<\/h2>\n\t\t\t<strong>Unsere Mission ist es, Finanzen, Daten und Technologie zu verbinden und so moderne, skalierbare Finanzorganisationen zu schaffen.<\/strong>We integrate technology into the finance function, ensuring systems fully support business processes and decision-making.Through ERP advisory, data architecture, and <strong>NetSuite SuiteAccountant<\/strong> support, we guide organisations from system selection through to post-go-live optimisation.We deliver finance transformation that drives clarity, control, and sustainable long-term value.\t\t\n\t\t\t\t\t\t\t<img decoding=\"async\" src=\"https:\/\/finance-wave.com\/wp-content\/uploads\/2025\/01\/Untitled-design.png\" alt=\"&lt;span class=&quot;spl-col&quot;&gt;Was wir &lt;\/span&gt; bieten\" class=\"no-lazyload\" \/>\n\t\t<h2>\n\t\t\tWhat We \n\t\t\t\t\t\t\t\t\t\t\tOffer\n\t\t<\/h2>\n\t\t\t<p><strong>Spezialisiert auf Private-Equity-finanzierte SaaS-Unternehmen verbinden wir Finance, Daten und Technologie, um Klarheit und Vertrauen in Finanzdaten zu erm\u00f6glichen.<\/strong><\/p>\t\t\n\t\t\t\t\t\t\t\t\t<img decoding=\"async\" src=\"https:\/\/finance-wave.com\/wp-content\/uploads\/2024\/12\/Interim-Financial-Controller-Services.webp\" alt=\"Interim Financial Controller Services\" itemprop=\"image\" height=\"60\" width=\"60\" title=\"Interim Financial Controller Services\" onerror=\"this.style.display='none'\" class=\"no-lazyload\" \/>\n\t\t<h4>\n\t\t\t1. Finance Transformation Consulting\n\t\t<\/h4>\n\t\t\t<ul><li>Strategische Finanztransformation<\/li><li>M&amp;A, Carve-outs und Post-Akquisitions-Integrationen<\/li><li>Prozessoptimierung (O2C, P2P, R2R)<\/li><\/ul>\t\t\n\t\t\t\t\t\t\t\t\t<img decoding=\"async\" src=\"https:\/\/finance-wave.com\/wp-content\/uploads\/2026\/03\/Financial-Modelling.webp\" alt=\"Financial-Modelling\" itemprop=\"image\" height=\"60\" width=\"60\" srcset=\"https:\/\/finance-wave.com\/wp-content\/uploads\/2026\/03\/Financial-Modelling.webp 60w, https:\/\/finance-wave.com\/wp-content\/uploads\/2026\/03\/Financial-Modelling-12x12.webp 12w\" sizes=\"(max-width: 60px) 100vw, 60px\" title=\"Financial-Modelling\" onerror=\"this.style.display='none'\" class=\"no-lazyload\" \/>\n\t\t\t2.    SuiteAccountant NetSuite \n\t\t\t<ul><li data-section-id=\"7ybpfz\" data-start=\"642\" data-end=\"681\">Post-Go-Live-Support und Optimierung<\/li><li data-section-id=\"1bhne54\" data-start=\"682\" data-end=\"724\">Accounting-Bereinigung und Systemabstimmung<\/li><li data-section-id=\"1f1lcyp\" data-start=\"725\" data-end=\"763\">Laufender Finance- und NetSuite-Support<\/li><\/ul>\t\t\n\t\t\t\t\t\t\t\t\t<img decoding=\"async\" src=\"https:\/\/finance-wave.com\/wp-content\/uploads\/2024\/12\/IERP-System-Consulting.webp\" alt=\"IERP System Consulting\" itemprop=\"image\" height=\"60\" width=\"60\" title=\"IERP System Consulting\" onerror=\"this.style.display='none'\" class=\"no-lazyload\" \/>\n\t\t<h4>\n\t\t\t3. ERP Advisory &amp; Consulting\n\t\t<\/h4>\n\t\t\t<ul><li data-section-id=\"yx30af\" data-start=\"895\" data-end=\"929\">ERP-Auswahl und Anbieterbewertung<\/li><li data-section-id=\"1jvauer\" data-start=\"930\" data-end=\"971\">End-to-End-Implementierung und Programmmanagement<\/li><li data-section-id=\"gtsal3\" data-start=\"972\" data-end=\"1001\">Finance-getriebene Systemarchitektur und Prozessdesign<\/li><\/ul>\t\t\n\t\t\t\t\t\t\t\t\t<img decoding=\"async\" src=\"https:\/\/finance-wave.com\/wp-content\/uploads\/2024\/12\/EPM-System-Consulting.webp\" alt=\"EPM System Consulting\" itemprop=\"image\" height=\"60\" width=\"60\" title=\"EPM System Consulting\" onerror=\"this.style.display='none'\" class=\"no-lazyload\" \/>\n\t\t<h4>\n\t\t\t4. Finance Systems Architecture\n\t\t<\/h4>\n\t\t\t<ul><li data-start=\"627\" data-end=\"667\">End-to-End-Systemarchitektur und Prozessdesign<\/li><li data-section-id=\"i490o3\" data-start=\"668\" data-end=\"728\">Integration von Best-in-Class-L\u00f6sungen (z. B. Zone, Embat, Payhawk, Pleo)<\/li><li data-section-id=\"ovvhuj\" data-start=\"729\" data-end=\"759\">Gestaltung skalierbarer Finanz\u00f6kosysteme<\/li><li data-section-id=\"ovvhuj\" data-start=\"729\" data-end=\"759\">Beseitigung von Datensilos \u00fcber Systeme hinweg, um nahtlose Integration, Datenfl\u00fcsse und End-to-End-Transparenz zu erm\u00f6glichen\u00a0<\/li><\/ul>\t\t\n\t\t\t\t\t\t\t\t\t<img decoding=\"async\" src=\"https:\/\/finance-wave.com\/wp-content\/uploads\/2024\/12\/Data-Analysis-with-Power-Query.webp\" alt=\"Data Analysis with Power Query\" itemprop=\"image\" height=\"60\" width=\"60\" title=\"Data Analysis with Power Query\" onerror=\"this.style.display='none'\" class=\"no-lazyload\" \/>\n\t\t\t\t\t\t\t\t\t<img decoding=\"async\" src=\"https:\/\/finance-wave.com\/wp-content\/plugins\/bb-plugin\/img\/pixel.png\" alt=\"\" itemprop=\"image\" onerror=\"this.style.display='none'\" class=\"no-lazyload\" \/>\n\t\t\t\t\t\t\t<img decoding=\"async\" src=\"https:\/\/finance-wave.com\/wp-content\/uploads\/2025\/01\/Untitled-design.png\" alt=\"&lt;span class=&quot;spl-col&quot;&gt;Warum Finance &lt;\/span&gt; Wave Transformation?\" class=\"no-lazyload\" \/>\n\t\t<h2>\n\t\t\tWhy Choose Finance \n\t\t\t\t\t\t\t\t\t\t\tWave Transformation?\n\t\t<\/h2>\n\t\t\t\t\t\t\t\t\t<img decoding=\"async\" src=\"https:\/\/finance-wave.com\/wp-content\/uploads\/2024\/12\/Expertise-Across-IT-and-Finance.webp\" alt=\"Expertise Across IT and Finance\" itemprop=\"image\" height=\"60\" width=\"60\" title=\"Expertise Across IT and Finance\" onerror=\"this.style.display='none'\" class=\"no-lazyload\" \/>\n\t\t<h4>\n\t\t\t1. Expertise Across IT and Finance\n\t\t<\/h4>\n\t\t\t<p>We combine deep financial knowledge with technical proficiency to deliver tailored solutions that align with your business objectives.<\/p>\t\t\n\t\t\t\t\t\t\t\t\t<img decoding=\"async\" src=\"https:\/\/finance-wave.com\/wp-content\/uploads\/2024\/12\/Tailored-Scalable-Solutions.webp\" alt=\"Tailored, Scalable Solutions\" itemprop=\"image\" height=\"60\" width=\"60\" title=\"Tailored, Scalable Solutions\" onerror=\"this.style.display='none'\" class=\"no-lazyload\" \/>\n\t\t<h4>\n\t\t\t2. Tailored, Scalable Solutions\n\t\t<\/h4>\n\t\t\t<p>Every service we provide is customized to meet your unique needs, ensuring long-term scalability and alignment with industry best practices.<\/p>\t\t\n\t\t\t\t\t\t\t\t\t<img decoding=\"async\" src=\"https:\/\/finance-wave.com\/wp-content\/uploads\/2024\/12\/Proven-Track-Record.webp\" alt=\"Proven Track Record\" itemprop=\"image\" height=\"60\" width=\"60\" title=\"Proven Track Record\" onerror=\"this.style.display='none'\" class=\"no-lazyload\" \/>\n\t\t<h4>\n\t\t\t3. Proven Track Record\n\t\t<\/h4>\n\t\t\t<p>Our team has a proven track record of delivering high-quality results from seamless NetSuite implementations and optimisation to robust financial models and actionable insights.<\/p>\t\t\n\t\t\t\t\t\t\t\t\t<img decoding=\"async\" src=\"https:\/\/finance-wave.com\/wp-content\/uploads\/2024\/12\/Global-Perspective.webp\" alt=\"Global Perspective\" itemprop=\"image\" height=\"60\" width=\"60\" title=\"Global Perspective\" onerror=\"this.style.display='none'\" class=\"no-lazyload\" \/>\n\t\t<h4>\n\t\t\t4. Global Perspective\n\t\t<\/h4>\n\t\t\t<p>Headquartered in London, we serve clients across Europe, with a strong focus on Germany-bringing international expertise and local insight to every project.<\/p>\t\t\n\t\t\t\t\t\t\t\t\t<img decoding=\"async\" src=\"https:\/\/finance-wave.com\/wp-content\/uploads\/2024\/12\/Commitment-to-Innovation.webp\" alt=\"Commitment to Innovation\" itemprop=\"image\" height=\"60\" width=\"60\" title=\"Commitment to Innovation\" onerror=\"this.style.display='none'\" class=\"no-lazyload\" \/>\n\t\t<h4>\n\t\t\t5. Commitment to Innovation\n\t\t<\/h4>\n\t\t\t<p>We integrate advanced ERP systems such as NetSuite, along with leading third-party solutions like Zone and Embat, to drive efficiency and unlock business potential.<\/p>\t\t\n\t\t\t\t\t\t\t\t\t<img decoding=\"async\" src=\"https:\/\/finance-wave.com\/wp-content\/uploads\/2024\/12\/Holistic-Approach.webp\" alt=\"Holistic Approach\" itemprop=\"image\" height=\"60\" width=\"60\" title=\"Holistic Approach\" onerror=\"this.style.display='none'\" class=\"no-lazyload\" \/>\n\t\t<h4>\n\t\t\t6. Holistic Approach\n\t\t<\/h4>\n\t\t\tWe deliver end-to-end support from interim financial controller services to ERP consulting and finance architecture, bridging Finance and Technology.\t\t\n\t\t\t\t\t\t\t<img decoding=\"async\" src=\"https:\/\/finance-wave.com\/wp-content\/uploads\/2025\/01\/Untitled-design.png\" alt=\"&lt;span class=&quot;spl-col&quot;&gt;Align Finance and Technology\" class=\"no-lazyload\" \/>\n\t\t<h2>\n\t\t\tAlign Finance and Technology\n\t\t<\/h2>\n\t\t<h2>\n\t\t\twith FInance Wave Transformation\n\t\t<\/h2>\n\t\t\tAt Finance Wave Transformation, we empower businesses with innovative, tailored solutions that enhance efficiency, improve accuracy, and enable confident decision-making. From expert ERP consulting to bespoke finance architecture and advanced data analytics, our team supports you every step of the way.Let us guide you through the complexities of financial management and build a stronger, more agile future for your business.<strong data-start=\"558\" data-end=\"679\">Contact us today to discover how we can drive your finance transformation and help you ride the wave of innovation.<\/strong>\t\t\n\t<a href=\"https:\/\/finance-wave.com\/de\/book-a-consultation\/\" target=\"_self\" role=\"button\" aria-label=\"Terminvereinbarung\">\n\t\t\t\t\t\tTerminvereinbarung\n\t\t\t\t\t<\/a>","protected":false},"excerpt":{"rendered":"<p>Your Partner in Digital Finance Transformation &#038; NetSuite SuiteAccountant Riding the Wave of digital finance transformation Your SuiteAccountant PartnerDesigning and developing business operations that bridge Finance, Technology, and Data-building scalable, high-performance operations.Deep SaaS expertise for scalable, high-growth finance operations.Finance Wave Transformation provides Oracle NetSuite advisory, data architecture, and ERP optimisation-acting as a trusted SuiteAccountant partner&hellip;<\/p>","protected":false},"author":1,"featured_media":25105,"parent":0,"menu_order":0,"comment_status":"closed","ping_status":"closed","template":"","meta":{"_coblocks_attr":"","_coblocks_dimensions":"","_coblocks_responsive_height":"","_coblocks_accordion_ie_support":"","footnotes":""},"class_list":["post-986","page","type-page","status-publish","has-post-thumbnail","hentry"],"yoast_head":"<!-- This site is optimized with the Yoast SEO plugin v27.4 - https:\/\/yoast.com\/product\/yoast-seo-wordpress\/ -->\n<title>NetSuite Consulting, ERP Optimisation &amp; Finance Transformation<\/title>\n<meta name=\"description\" content=\"NetSuite consulting, ERP optimisation and finance transformation for SaaS and high-growth companies, delivering scalable finance architecture and efficient operations.\" \/>\n<meta name=\"robots\" content=\"index, follow, max-snippet:-1, max-image-preview:large, max-video-preview:-1\" \/>\n<link rel=\"canonical\" href=\"https:\/\/finance-wave.com\/de\/\" \/>\n<meta property=\"og:locale\" content=\"de_DE\" \/>\n<meta property=\"og:type\" content=\"article\" \/>\n<meta property=\"og:title\" content=\"NetSuite Consulting, ERP Optimisation &amp; Finance Transformation\" \/>\n<meta property=\"og:description\" content=\"NetSuite consulting, ERP optimisation and finance transformation for SaaS and high-growth companies, delivering scalable finance architecture and efficient operations.\" \/>\n<meta property=\"og:url\" content=\"https:\/\/finance-wave.com\/de\/\" \/>\n<meta property=\"og:site_name\" content=\"Finance Wave Transformation Ltd.\" \/>\n<meta property=\"article:modified_time\" content=\"2026-04-04T02:25:11+00:00\" \/>\n<meta property=\"og:image\" content=\"https:\/\/finance-wave.com\/wp-content\/uploads\/2024\/12\/GettyImages-863460124.jpg\" \/>\n\t<meta property=\"og:image:width\" content=\"1500\" \/>\n\t<meta property=\"og:image:height\" content=\"1000\" \/>\n\t<meta property=\"og:image:type\" content=\"image\/jpeg\" \/>\n<meta name=\"twitter:card\" content=\"summary_large_image\" \/>\n<meta name=\"twitter:label1\" content=\"Gesch\u00e4tzte Lesezeit\" \/>\n\t<meta name=\"twitter:data1\" content=\"7\u00a0Minuten\" \/>\n<script type=\"application\/ld+json\" class=\"yoast-schema-graph\">{\"@context\":\"https:\\\/\\\/schema.org\",\"@graph\":[{\"@type\":\"WebPage\",\"@id\":\"https:\\\/\\\/finance-wave.com\\\/\",\"url\":\"https:\\\/\\\/finance-wave.com\\\/\",\"name\":\"NetSuite Consulting, ERP Optimisation & Finance Transformation\",\"isPartOf\":{\"@id\":\"https:\\\/\\\/finance-wave.com\\\/de\\\/#website\"},\"primaryImageOfPage\":{\"@id\":\"https:\\\/\\\/finance-wave.com\\\/#primaryimage\"},\"image\":{\"@id\":\"https:\\\/\\\/finance-wave.com\\\/#primaryimage\"},\"thumbnailUrl\":\"https:\\\/\\\/finance-wave.com\\\/wp-content\\\/uploads\\\/2024\\\/12\\\/GettyImages-863460124.jpg\",\"datePublished\":\"2024-11-08T10:51:23+00:00\",\"dateModified\":\"2026-04-04T02:25:11+00:00\",\"description\":\"NetSuite consulting, ERP optimisation and finance transformation for SaaS and high-growth companies, delivering scalable finance architecture and efficient operations.\",\"breadcrumb\":{\"@id\":\"https:\\\/\\\/finance-wave.com\\\/#breadcrumb\"},\"inLanguage\":\"de\",\"potentialAction\":[{\"@type\":\"ReadAction\",\"target\":[\"https:\\\/\\\/finance-wave.com\\\/\"]}]},{\"@type\":\"ImageObject\",\"inLanguage\":\"de\",\"@id\":\"https:\\\/\\\/finance-wave.com\\\/#primaryimage\",\"url\":\"https:\\\/\\\/finance-wave.com\\\/wp-content\\\/uploads\\\/2024\\\/12\\\/GettyImages-863460124.jpg\",\"contentUrl\":\"https:\\\/\\\/finance-wave.com\\\/wp-content\\\/uploads\\\/2024\\\/12\\\/GettyImages-863460124.jpg\",\"width\":1500,\"height\":1000},{\"@type\":\"BreadcrumbList\",\"@id\":\"https:\\\/\\\/finance-wave.com\\\/#breadcrumb\",\"itemListElement\":[{\"@type\":\"ListItem\",\"position\":1,\"name\":\"Home\",\"item\":\"https:\\\/\\\/finance-wave.com\\\/\"},{\"@type\":\"ListItem\",\"position\":2,\"name\":\"Home\"}]},{\"@type\":\"WebSite\",\"@id\":\"https:\\\/\\\/finance-wave.com\\\/de\\\/#website\",\"url\":\"https:\\\/\\\/finance-wave.com\\\/de\\\/\",\"name\":\"Finance Wave Transformation Ltd.\",\"description\":\"Finance Wave Transformation\",\"publisher\":{\"@id\":\"https:\\\/\\\/finance-wave.com\\\/de\\\/#organization\"},\"potentialAction\":[{\"@type\":\"SearchAction\",\"target\":{\"@type\":\"EntryPoint\",\"urlTemplate\":\"https:\\\/\\\/finance-wave.com\\\/de\\\/?s={search_term_string}\"},\"query-input\":{\"@type\":\"PropertyValueSpecification\",\"valueRequired\":true,\"valueName\":\"search_term_string\"}}],\"inLanguage\":\"de\"},{\"@type\":\"Organization\",\"@id\":\"https:\\\/\\\/finance-wave.com\\\/de\\\/#organization\",\"name\":\"Finance Wave Transformation Ltd.\",\"url\":\"https:\\\/\\\/finance-wave.com\\\/de\\\/\",\"logo\":{\"@type\":\"ImageObject\",\"inLanguage\":\"de\",\"@id\":\"https:\\\/\\\/finance-wave.com\\\/de\\\/#\\\/schema\\\/logo\\\/image\\\/\",\"url\":\"https:\\\/\\\/finance-wave.com\\\/wp-content\\\/uploads\\\/2024\\\/11\\\/CX-119174_Finance-Wave-Transformation_-284c834-2.png\",\"contentUrl\":\"https:\\\/\\\/finance-wave.com\\\/wp-content\\\/uploads\\\/2024\\\/11\\\/CX-119174_Finance-Wave-Transformation_-284c834-2.png\",\"width\":155,\"height\":155,\"caption\":\"Finance Wave Transformation Ltd.\"},\"image\":{\"@id\":\"https:\\\/\\\/finance-wave.com\\\/de\\\/#\\\/schema\\\/logo\\\/image\\\/\"}}]}<\/script>\n<!-- \/ Yoast SEO plugin. -->","yoast_head_json":{"title":"NetSuite Consulting, ERP Optimisation & Finance Transformation","description":"NetSuite consulting, ERP optimisation and finance transformation for SaaS and high-growth companies, delivering scalable finance architecture and efficient operations.","robots":{"index":"index","follow":"follow","max-snippet":"max-snippet:-1","max-image-preview":"max-image-preview:large","max-video-preview":"max-video-preview:-1"},"canonical":"https:\/\/finance-wave.com\/de\/","og_locale":"de_DE","og_type":"article","og_title":"NetSuite Consulting, ERP Optimisation & Finance Transformation","og_description":"NetSuite consulting, ERP optimisation and finance transformation for SaaS and high-growth companies, delivering scalable finance architecture and efficient operations.","og_url":"https:\/\/finance-wave.com\/de\/","og_site_name":"Finance Wave Transformation Ltd.","article_modified_time":"2026-04-04T02:25:11+00:00","og_image":[{"width":1500,"height":1000,"url":"https:\/\/finance-wave.com\/wp-content\/uploads\/2024\/12\/GettyImages-863460124.jpg","type":"image\/jpeg"}],"twitter_card":"summary_large_image","twitter_misc":{"Gesch\u00e4tzte Lesezeit":"7\u00a0Minuten"},"schema":{"@context":"https:\/\/schema.org","@graph":[{"@type":"WebPage","@id":"https:\/\/finance-wave.com\/","url":"https:\/\/finance-wave.com\/","name":"NetSuite Consulting, ERP Optimisation & Finance Transformation","isPartOf":{"@id":"https:\/\/finance-wave.com\/de\/#website"},"primaryImageOfPage":{"@id":"https:\/\/finance-wave.com\/#primaryimage"},"image":{"@id":"https:\/\/finance-wave.com\/#primaryimage"},"thumbnailUrl":"https:\/\/finance-wave.com\/wp-content\/uploads\/2024\/12\/GettyImages-863460124.jpg","datePublished":"2024-11-08T10:51:23+00:00","dateModified":"2026-04-04T02:25:11+00:00","description":"NetSuite consulting, ERP optimisation and finance transformation for SaaS and high-growth companies, delivering scalable finance architecture and efficient operations.","breadcrumb":{"@id":"https:\/\/finance-wave.com\/#breadcrumb"},"inLanguage":"de","potentialAction":[{"@type":"ReadAction","target":["https:\/\/finance-wave.com\/"]}]},{"@type":"ImageObject","inLanguage":"de","@id":"https:\/\/finance-wave.com\/#primaryimage","url":"https:\/\/finance-wave.com\/wp-content\/uploads\/2024\/12\/GettyImages-863460124.jpg","contentUrl":"https:\/\/finance-wave.com\/wp-content\/uploads\/2024\/12\/GettyImages-863460124.jpg","width":1500,"height":1000},{"@type":"BreadcrumbList","@id":"https:\/\/finance-wave.com\/#breadcrumb","itemListElement":[{"@type":"ListItem","position":1,"name":"Home","item":"https:\/\/finance-wave.com\/"},{"@type":"ListItem","position":2,"name":"Home"}]},{"@type":"WebSite","@id":"https:\/\/finance-wave.com\/de\/#website","url":"https:\/\/finance-wave.com\/de\/","name":"Finance Wave Transformation Ltd.","description":"Finance Wave Transformation","publisher":{"@id":"https:\/\/finance-wave.com\/de\/#organization"},"potentialAction":[{"@type":"SearchAction","target":{"@type":"EntryPoint","urlTemplate":"https:\/\/finance-wave.com\/de\/?s={search_term_string}"},"query-input":{"@type":"PropertyValueSpecification","valueRequired":true,"valueName":"search_term_string"}}],"inLanguage":"de"},{"@type":"Organization","@id":"https:\/\/finance-wave.com\/de\/#organization","name":"Finance Wave Transformation Ltd.","url":"https:\/\/finance-wave.com\/de\/","logo":{"@type":"ImageObject","inLanguage":"de","@id":"https:\/\/finance-wave.com\/de\/#\/schema\/logo\/image\/","url":"https:\/\/finance-wave.com\/wp-content\/uploads\/2024\/11\/CX-119174_Finance-Wave-Transformation_-284c834-2.png","contentUrl":"https:\/\/finance-wave.com\/wp-content\/uploads\/2024\/11\/CX-119174_Finance-Wave-Transformation_-284c834-2.png","width":155,"height":155,"caption":"Finance Wave Transformation Ltd."},"image":{"@id":"https:\/\/finance-wave.com\/de\/#\/schema\/logo\/image\/"}}]}},"_links":{"self":[{"href":"https:\/\/finance-wave.com\/de\/wp-json\/wp\/v2\/pages\/986","targetHints":{"allow":["GET"]}}],"collection":[{"href":"https:\/\/finance-wave.com\/de\/wp-json\/wp\/v2\/pages"}],"about":[{"href":"https:\/\/finance-wave.com\/de\/wp-json\/wp\/v2\/types\/page"}],"author":[{"embeddable":true,"href":"https:\/\/finance-wave.com\/de\/wp-json\/wp\/v2\/users\/1"}],"replies":[{"embeddable":true,"href":"https:\/\/finance-wave.com\/de\/wp-json\/wp\/v2\/comments?post=986"}],"version-history":[{"count":5,"href":"https:\/\/finance-wave.com\/de\/wp-json\/wp\/v2\/pages\/986\/revisions"}],"predecessor-version":[{"id":25466,"href":"https:\/\/finance-wave.com\/de\/wp-json\/wp\/v2\/pages\/986\/revisions\/25466"}],"wp:featuredmedia":[{"embeddable":true,"href":"https:\/\/finance-wave.com\/de\/wp-json\/wp\/v2\/media\/25105"}],"wp:attachment":[{"href":"https:\/\/finance-wave.com\/de\/wp-json\/wp\/v2\/media?parent=986"}],"curies":[{"name":"wp","href":"https:\/\/api.w.org\/{rel}","templated":true}]}}